{"id":25,"date":"2022-10-11T18:38:51","date_gmt":"2022-10-11T18:38:51","guid":{"rendered":"https:\/\/radiofenixinternacional.com\/?page_id=25"},"modified":"2023-09-26T17:28:18","modified_gmt":"2023-09-26T17:28:18","slug":"inicio","status":"publish","type":"page","link":"https:\/\/radiofenixinternacional.com\/","title":{"rendered":"Radio Fenix Internacional La voz de la Inclusi\u00f3n social."},"content":{"rendered":"\n<blockquote class=\"wp-block-quote has-extra-large-font-size is-layout-flow wp-block-quote-is-layout-flow\" style=\"font-style:normal;font-weight:100\">\n<p><strong>Radio F\u00e9nix, est\u00e1 conformada por un grupo de locutores de todo el mundo con el deseo de transmitirles, programaciones: din\u00e1micas, rom\u00e1nticas, culturales, Cristianas, deportivas, noticias de actualidad, toda la mejor programaci\u00f3n variada. Por eso nuestro lema, Radio F\u00e9nix Internacional, la voz de la inclusi\u00f3n social Conquistando tus sentidos.<\/strong><\/p>\n<\/blockquote>\n\n\n\n<p>Nuestros medios de contacto:<br>Twitter: @AmistadFenix<br>Correo electr\u00f3nico: victorelfenix7@hotmail.es<br>Facebook: Radio F\u00e9nix Internacional<br>Y nuestra fan page: Radio F\u00e9nix Internacional (oficial)<\/p>\n\n\n\n<p>Y tambi\u00e9n si buscas en pa\u00edses, pones Honduras, y buscas Radio F\u00e9nix Internacional! Y agr\u00e9ganos a tus favoritos<\/p>\n\n\n\n<p>Ahora tambi\u00e9n por tu celular. B\u00fascanos en la aplicaci\u00f3n<\/p>\n\n\n\n<p>Tunein radio<br>radio f\u00e9nix internacional.<\/p>\n\n\n\n<p>Aqu\u00ed puedes descargar el m3u de la radio, y esc\u00fachanos en directo<br>Descargar M3U<br>Esc\u00fachanos en directo<br>Aqu\u00ed la URL para que nos escuches por el tapin.<\/p>\n\n\n\n<p><a href=\"https:\/\/listen.usuarios.space\/radiofenix\">https:\/\/listen.usuarios.space\/radiofenix<\/a><\/p>\n","protected":false},"excerpt":{"rendered":"<p>Radio F\u00e9nix, est\u00e1 conformada por un grupo de locutores de todo el mundo con el deseo de transmitirles, programaciones: din\u00e1micas, rom\u00e1nticas, culturales, Cristianas, deportivas, noticias de actualidad, toda la mejor programaci\u00f3n variada. Por eso nuestro lema, Radio F\u00e9nix Internacional, la voz de la inclusi\u00f3n social Conquistando tus sentidos. Nuestros medios de contacto:Twitter: @AmistadFenixCorreo electr\u00f3nico: victorelfenix7@hotmail.esFacebook:&hellip; <a class=\"more-link\" href=\"https:\/\/radiofenixinternacional.com\/\">Seguir leyendo <span class=\"screen-reader-text\">Radio Fenix Internacional La voz de la Inclusi\u00f3n social.<\/span><\/a><\/p>\n","protected":false},"author":1,"featured_media":0,"parent":0,"menu_order":0,"comment_status":"open","ping_status":"closed","template":"","meta":{"footnotes":""},"class_list":["post-25","page","type-page","status-publish","hentry","entry"],"_links":{"self":[{"href":"https:\/\/radiofenixinternacional.com\/index.php?rest_route=\/wp\/v2\/pages\/25","targetHints":{"allow":["GET"]}}],"collection":[{"href":"https:\/\/radiofenixinternacional.com\/index.php?rest_route=\/wp\/v2\/pages"}],"about":[{"href":"https:\/\/radiofenixinternacional.com\/index.php?rest_route=\/wp\/v2\/types\/page"}],"author":[{"embeddable":true,"href":"https:\/\/radiofenixinternacional.com\/index.php?rest_route=\/wp\/v2\/users\/1"}],"replies":[{"embeddable":true,"href":"https:\/\/radiofenixinternacional.com\/index.php?rest_route=%2Fwp%2Fv2%2Fcomments&post=25"}],"version-history":[{"count":7,"href":"https:\/\/radiofenixinternacional.com\/index.php?rest_route=\/wp\/v2\/pages\/25\/revisions"}],"predecessor-version":[{"id":64,"href":"https:\/\/radiofenixinternacional.com\/index.php?rest_route=\/wp\/v2\/pages\/25\/revisions\/64"}],"wp:attachment":[{"href":"https:\/\/radiofenixinternacional.com\/index.php?rest_route=%2Fwp%2Fv2%2Fmedia&parent=25"}],"curies":[{"name":"wp","href":"https:\/\/api.w.org\/{rel}","templated":true}]}}